{"id":776,"date":"2015-12-20T16:44:45","date_gmt":"2015-12-20T16:44:45","guid":{"rendered":"http:\/\/www.levant.hr\/de\/?page_id=776"},"modified":"2023-07-01T12:04:51","modified_gmt":"2023-07-01T11:04:51","slug":"sehenswuerdigkeiten","status":"publish","type":"page","link":"https:\/\/www.levant.hr\/de\/sehenswuerdigkeiten\/","title":{"rendered":"Sehensw\u00fcrdigkeiten"},"content":{"rendered":"<div id='av_section_1'  class='avia-section main_color avia-section-default avia-no-shadow  avia-bg-style-scroll  avia-builder-el-0  avia-builder-el-no-sibling   container_wrap fullsize' style=' '  ><div class='container' ><main  role=\"main\" itemprop=\"mainContentOfPage\"  class='template-page content  av-content-full alpha units'><div class='post-entry post-entry-type-page post-entry-776'><div class='entry-content-wrapper clearfix'>\n<div class=\"flex_column av_one_half  flex_column_div av-zero-column-padding first  avia-builder-el-1  el_before_av_one_half  avia-builder-el-first  \" style='border-radius:0px; '><section class=\"av_textblock_section \"  itemscope=\"itemscope\" itemtype=\"https:\/\/schema.org\/CreativeWork\" ><div class='avia_textblock  '  style='font-size:35px; '  itemprop=\"text\" ><p style=\"text-align: right;\">SOMMER VERANSTALTUNGEN IN BETINA 2023.<\/p>\n<\/div><\/section><br \/>\n<section class=\"av_textblock_section \"  itemscope=\"itemscope\" itemtype=\"https:\/\/schema.org\/CreativeWork\" ><div class='avia_textblock  '   itemprop=\"text\" ><p><a href=\"https:\/\/www.levant.hr\/wp-content\/uploads\/2023\/07\/lito-1.jpg\"><img loading=\"lazy\" class=\"alignnone size-medium wp-image-20327\" src=\"https:\/\/www.levant.hr\/wp-content\/uploads\/2023\/07\/lito-1-208x300.jpg\" alt=\"\" width=\"208\" height=\"300\" srcset=\"https:\/\/www.levant.hr\/wp-content\/uploads\/2023\/07\/lito-1-208x300.jpg 208w, https:\/\/www.levant.hr\/wp-content\/uploads\/2023\/07\/lito-1-715x1030.jpg 715w, https:\/\/www.levant.hr\/wp-content\/uploads\/2023\/07\/lito-1-768x1107.jpg 768w, https:\/\/www.levant.hr\/wp-content\/uploads\/2023\/07\/lito-1-489x705.jpg 489w, https:\/\/www.levant.hr\/wp-content\/uploads\/2023\/07\/lito-1.jpg 1004w\" sizes=\"(max-width: 208px) 100vw, 208px\" \/><\/a><a href=\"https:\/\/www.levant.hr\/wp-content\/uploads\/2023\/07\/lito-2.jpg\"><img loading=\"lazy\" class=\"alignnone size-medium wp-image-20320\" src=\"https:\/\/www.levant.hr\/wp-content\/uploads\/2023\/07\/lito-2-208x300.jpg\" alt=\"\" width=\"208\" height=\"300\" srcset=\"https:\/\/www.levant.hr\/wp-content\/uploads\/2023\/07\/lito-2-208x300.jpg 208w, https:\/\/www.levant.hr\/wp-content\/uploads\/2023\/07\/lito-2-715x1030.jpg 715w, https:\/\/www.levant.hr\/wp-content\/uploads\/2023\/07\/lito-2-768x1107.jpg 768w, https:\/\/www.levant.hr\/wp-content\/uploads\/2023\/07\/lito-2-489x705.jpg 489w, https:\/\/www.levant.hr\/wp-content\/uploads\/2023\/07\/lito-2.jpg 1004w\" sizes=\"(max-width: 208px) 100vw, 208px\" \/><\/a><a href=\"https:\/\/www.levant.hr\/wp-content\/uploads\/2023\/07\/lito-3.jpg\"><img loading=\"lazy\" class=\"alignnone size-medium wp-image-20316\" src=\"https:\/\/www.levant.hr\/wp-content\/uploads\/2023\/07\/lito-3-208x300.jpg\" alt=\"\" width=\"208\" height=\"300\" srcset=\"https:\/\/www.levant.hr\/wp-content\/uploads\/2023\/07\/lito-3-208x300.jpg 208w, https:\/\/www.levant.hr\/wp-content\/uploads\/2023\/07\/lito-3-715x1030.jpg 715w, https:\/\/www.levant.hr\/wp-content\/uploads\/2023\/07\/lito-3-768x1107.jpg 768w, https:\/\/www.levant.hr\/wp-content\/uploads\/2023\/07\/lito-3-489x705.jpg 489w, https:\/\/www.levant.hr\/wp-content\/uploads\/2023\/07\/lito-3.jpg 1004w\" sizes=\"(max-width: 208px) 100vw, 208px\" \/><\/a><\/p>\n<\/div><\/section><\/p><\/div><div class=\"flex_column av_one_half  flex_column_div av-zero-column-padding   avia-builder-el-4  el_after_av_one_half  el_before_av_one_half  \" style='border-radius:0px; '><section class=\"av_textblock_section \"  itemscope=\"itemscope\" itemtype=\"https:\/\/schema.org\/CreativeWork\" ><div class='avia_textblock  '  style='font-size:35px; '  itemprop=\"text\" ><p style=\"text-align: right;\">BETINA \/ MURTER<\/p>\n<\/div><\/section><br \/>\n<div id='av-masonry-1' class='av-masonry  noHover av-fixed-size av-1px-gap av-hover-overlay- av-masonry-animation-active av-masonry-col-flexible av-caption-always av-caption-style- av-masonry-gallery     '  ><div class='av-masonry-container isotope av-js-disabled ' ><div class='av-masonry-entry isotope-item av-masonry-item-no-image '><\/div><a href=\"https:\/\/www.levant.hr\/wp-content\/uploads\/2015\/11\/22309-ll.jpg\" id='av-masonry-1-item-7232' data-av-masonry-item='7232' class='av-masonry-entry isotope-item post-7232 attachment type-attachment status-inherit hentry  av-masonry-item-with-image' title=\"\"  itemprop=\"thumbnailUrl\" ><div class='av-inner-masonry-sizer'><\/div><figure class='av-inner-masonry main_color'><div class=\"av-masonry-outerimage-container\"><div class=\"av-masonry-image-container\" style=\"background-image: url(https:\/\/www.levant.hr\/wp-content\/uploads\/2015\/11\/22309-ll-705x470.jpg);\"><\/div><\/div><\/figure><\/a><!--end av-masonry entry--><a href=\"https:\/\/www.levant.hr\/wp-content\/uploads\/2015\/11\/23802-ll.jpg\" id='av-masonry-1-item-7235' data-av-masonry-item='7235' class='av-masonry-entry isotope-item post-7235 attachment type-attachment status-inherit hentry  av-masonry-item-with-image' title=\"\"  itemprop=\"thumbnailUrl\" ><div class='av-inner-masonry-sizer'><\/div><figure class='av-inner-masonry main_color'><div class=\"av-masonry-outerimage-container\"><div class=\"av-masonry-image-container\" style=\"background-image: url(https:\/\/www.levant.hr\/wp-content\/uploads\/2015\/11\/23802-ll-705x470.jpg);\"><\/div><\/div><\/figure><\/a><!--end av-masonry entry--><a href=\"https:\/\/www.levant.hr\/wp-content\/uploads\/2015\/11\/29477-ll.jpg\" id='av-masonry-1-item-7238' data-av-masonry-item='7238' class='av-masonry-entry isotope-item post-7238 attachment type-attachment status-inherit hentry  av-masonry-item-with-image' title=\"\"  itemprop=\"thumbnailUrl\" ><div class='av-inner-masonry-sizer'><\/div><figure class='av-inner-masonry main_color'><div class=\"av-masonry-outerimage-container\"><div class=\"av-masonry-image-container\" style=\"background-image: url(https:\/\/www.levant.hr\/wp-content\/uploads\/2015\/11\/29477-ll-705x470.jpg);\"><\/div><\/div><\/figure><\/a><!--end av-masonry entry--><a href=\"https:\/\/www.levant.hr\/wp-content\/uploads\/2015\/11\/IMG_3915-ll.jpg\" id='av-masonry-1-item-7241' data-av-masonry-item='7241' class='av-masonry-entry isotope-item post-7241 attachment type-attachment status-inherit hentry  av-masonry-item-with-image' title=\"\"  itemprop=\"thumbnailUrl\" ><div class='av-inner-masonry-sizer'><\/div><figure class='av-inner-masonry main_color'><div class=\"av-masonry-outerimage-container\"><div class=\"av-masonry-image-container\" style=\"background-image: url(https:\/\/www.levant.hr\/wp-content\/uploads\/2015\/11\/IMG_3915-ll-705x470.jpg);\"><\/div><\/div><\/figure><\/a><!--end av-masonry entry--><\/div><\/div><br \/>\n<section class=\"av_textblock_section \"  itemscope=\"itemscope\" itemtype=\"https:\/\/schema.org\/CreativeWork\" ><div class='avia_textblock  '   itemprop=\"text\" ><p style=\"text-align: right;\">Kirche Sankt. Frane aus dem 15. jahrhundert<\/p>\n<p style=\"text-align: right;\">Gospe od Gradine aus dem 6. jahrhundert<\/p>\n<p style=\"text-align: right;\">St. Rok, 1760.jahr<\/p>\n<p style=\"text-align: right;\">St. Mihovil, rekonstruiert im jahr1770.<\/p>\n<p style=\"text-align: right;\">Colentum erscheint zum ersten mal im ersten jahrhundert vor Kristus<\/p>\n<p style=\"text-align: right;\">Cisterna sgt Tamnica, Roemanische Grund Tanks<\/p>\n<p style=\"text-align: right;\">Villa Rustica, Reste eines r\u00f6mischen Friedhofs , Plitka Vala<\/p>\n<p style=\"text-align: right;\">Die Ruine des Franziskaner-Kloster auf der Insel Moster, aus dem 12. jahrhundert<\/p>\n<p style=\"text-align: right;\">Der Wehrturm aus dem jahr 1514. in Varo\u0161, Betina<\/p>\n<p style=\"text-align: right;\">Stari Mlin im Zentrum Betina<\/p>\n<p style=\"text-align: right;\">Altstadt Betina<\/p>\n<\/div><\/section><\/p><\/div><div class=\"flex_column av_one_half  flex_column_div av-zero-column-padding first  avia-builder-el-8  el_after_av_one_half  el_before_av_one_half  column-top-margin\" style='border-radius:0px; '><section class=\"av_textblock_section \"  itemscope=\"itemscope\" itemtype=\"https:\/\/schema.org\/CreativeWork\" ><div class='avia_textblock  '  style='font-size:35px; '  itemprop=\"text\" ><p style=\"text-align: left;\">TISNO \/ JEZERA<\/p>\n<\/div><\/section><br \/>\n<div id='av-masonry-2' class='av-masonry  noHover av-fixed-size av-1px-gap av-hover-overlay- av-masonry-animation-active av-masonry-col-flexible av-caption-always av-caption-style- av-masonry-gallery     '  ><div class='av-masonry-container isotope av-js-disabled ' ><div class='av-masonry-entry isotope-item av-masonry-item-no-image '><\/div><a href=\"https:\/\/www.levant.hr\/wp-content\/uploads\/2015\/11\/tisno-2.jpg\" id='av-masonry-2-item-7244' data-av-masonry-item='7244' class='av-masonry-entry isotope-item post-7244 attachment type-attachment status-inherit hentry  av-masonry-item-with-image' title=\"tisno 2\"  itemprop=\"thumbnailUrl\" ><div class='av-inner-masonry-sizer'><\/div><figure class='av-inner-masonry main_color'><div class=\"av-masonry-outerimage-container\"><div class=\"av-masonry-image-container\" style=\"background-image: url(https:\/\/www.levant.hr\/wp-content\/uploads\/2015\/11\/tisno-2-705x472.jpg);\" title=\"tisno 2\" ><\/div><\/div><\/figure><\/a><!--end av-masonry entry--><a href=\"https:\/\/www.levant.hr\/wp-content\/uploads\/2015\/11\/tisno-3.jpg\" id='av-masonry-2-item-7247' data-av-masonry-item='7247' class='av-masonry-entry isotope-item post-7247 attachment type-attachment status-inherit hentry  av-masonry-item-with-image' title=\"tisno 3\"  itemprop=\"thumbnailUrl\" ><div class='av-inner-masonry-sizer'><\/div><figure class='av-inner-masonry main_color'><div class=\"av-masonry-outerimage-container\"><div class=\"av-masonry-image-container\" style=\"background-image: url(https:\/\/www.levant.hr\/wp-content\/uploads\/2015\/11\/tisno-3-705x424.jpg);\" title=\"tisno 3\" ><\/div><\/div><\/figure><\/a><!--end av-masonry entry--><a href=\"https:\/\/www.levant.hr\/wp-content\/uploads\/2015\/11\/tisno-4.jpg\" id='av-masonry-2-item-7250' data-av-masonry-item='7250' class='av-masonry-entry isotope-item post-7250 attachment type-attachment status-inherit hentry  av-masonry-item-with-image' title=\"tisno 4\"  itemprop=\"thumbnailUrl\" ><div class='av-inner-masonry-sizer'><\/div><figure class='av-inner-masonry main_color'><div class=\"av-masonry-outerimage-container\"><div class=\"av-masonry-image-container\" style=\"background-image: url(https:\/\/www.levant.hr\/wp-content\/uploads\/2015\/11\/tisno-4-705x509.jpg);\" title=\"tisno 4\" ><\/div><\/div><\/figure><\/a><!--end av-masonry entry--><a href=\"https:\/\/www.levant.hr\/wp-content\/uploads\/2015\/11\/tisno.jpg\" id='av-masonry-2-item-7253' data-av-masonry-item='7253' class='av-masonry-entry isotope-item post-7253 attachment type-attachment status-inherit hentry  av-masonry-item-with-image' title=\"OLYMPUS DIGITAL CAMERA\"  itemprop=\"thumbnailUrl\" ><div class='av-inner-masonry-sizer'><\/div><figure class='av-inner-masonry main_color'><div class=\"av-masonry-outerimage-container\"><div class=\"av-masonry-image-container\" style=\"background-image: url(https:\/\/www.levant.hr\/wp-content\/uploads\/2015\/11\/tisno-705x529.jpg);\" title=\"OLYMPUS DIGITAL CAMERA\" ><\/div><\/div><\/figure><\/a><!--end av-masonry entry--><\/div><\/div><br \/>\n<section class=\"av_textblock_section \"  itemscope=\"itemscope\" itemtype=\"https:\/\/schema.org\/CreativeWork\" ><div class='avia_textblock  '   itemprop=\"text\" ><p>Schrein Gospe od Karavaja<\/p>\n<p>Kirche des Heilgen Geistes, aus dem jahr 1548.<\/p>\n<p>Arch\u00e4ologische St\u00e4tte bei der Kirche St. Martin<\/p>\n<p>Kirche St. Roko vir dem jahr 1651.<\/p>\n<p>Kirche St.. Andrija, aus dem jahr1606.<\/p>\n<p>Gospe od zdravlja, aus dem jahr 1722.<\/p>\n<p>Kirche St.. Ivana Trogirskog, aus dem 17. jahrhundert<\/p>\n<p>Kirche St. Roko im Feld aus dem 16. jahrhundert<\/p>\n<p>Kirche St. Konstancija , auf dem Huegel Kru\u017eak<\/p>\n<p>Kirche St. Nikole aus dem 15. jahrhundert<\/p>\n<\/div><\/section><\/p><\/div><div class=\"flex_column av_one_half  flex_column_div av-zero-column-padding   avia-builder-el-12  el_after_av_one_half  el_before_av_one_half  column-top-margin\" style='border-radius:0px; '><section class=\"av_textblock_section \"  itemscope=\"itemscope\" itemtype=\"https:\/\/schema.org\/CreativeWork\" ><div class='avia_textblock  '  style='font-size:35px; '  itemprop=\"text\" ><p style=\"text-align: right;\">STRAENDE DER INSEL MURTER<\/p>\n<\/div><\/section><br \/>\n<div id='av-masonry-3' class='av-masonry  noHover av-fixed-size av-1px-gap av-hover-overlay- av-masonry-animation-active av-masonry-col-flexible av-caption-always av-caption-style- av-masonry-gallery     '  ><div class='av-masonry-container isotope av-js-disabled ' ><div class='av-masonry-entry isotope-item av-masonry-item-no-image '><\/div><a href=\"https:\/\/www.levant.hr\/wp-content\/uploads\/2015\/11\/19679-ll.jpg\" id='av-masonry-3-item-7256' data-av-masonry-item='7256' class='av-masonry-entry isotope-item post-7256 attachment type-attachment status-inherit hentry  av-masonry-item-with-image' title=\"\"  itemprop=\"thumbnailUrl\" ><div class='av-inner-masonry-sizer'><\/div><figure class='av-inner-masonry main_color'><div class=\"av-masonry-outerimage-container\"><div class=\"av-masonry-image-container\" style=\"background-image: url(https:\/\/www.levant.hr\/wp-content\/uploads\/2015\/11\/19679-ll-705x470.jpg);\"><\/div><\/div><\/figure><\/a><!--end av-masonry entry--><a href=\"https:\/\/www.levant.hr\/wp-content\/uploads\/2015\/11\/BETINA-pano-300415-ll.jpg\" id='av-masonry-3-item-7259' data-av-masonry-item='7259' class='av-masonry-entry isotope-item post-7259 attachment type-attachment status-inherit hentry  av-masonry-item-with-image' title=\"\"  itemprop=\"thumbnailUrl\" ><div class='av-inner-masonry-sizer'><\/div><figure class='av-inner-masonry main_color'><div class=\"av-masonry-outerimage-container\"><div class=\"av-masonry-image-container\" style=\"background-image: url(https:\/\/www.levant.hr\/wp-content\/uploads\/2015\/11\/BETINA-pano-300415-ll-705x434.jpg);\"><\/div><\/div><\/figure><\/a><!--end av-masonry entry--><a href=\"https:\/\/www.levant.hr\/wp-content\/uploads\/2015\/11\/IMG_4569-ll.jpg\" id='av-masonry-3-item-7262' data-av-masonry-item='7262' class='av-masonry-entry isotope-item post-7262 attachment type-attachment status-inherit hentry  av-masonry-item-with-image' title=\"IMG_4569 ll\"  itemprop=\"thumbnailUrl\" ><div class='av-inner-masonry-sizer'><\/div><figure class='av-inner-masonry main_color'><div class=\"av-masonry-outerimage-container\"><div class=\"av-masonry-image-container\" style=\"background-image: url(https:\/\/www.levant.hr\/wp-content\/uploads\/2015\/11\/IMG_4569-ll-705x472.jpg);\" title=\"IMG_4569 ll\" ><\/div><\/div><\/figure><\/a><!--end av-masonry entry--><a href=\"https:\/\/www.levant.hr\/wp-content\/uploads\/2015\/11\/IMG_4589-ll.jpg\" id='av-masonry-3-item-7265' data-av-masonry-item='7265' class='av-masonry-entry isotope-item post-7265 attachment type-attachment status-inherit hentry  av-masonry-item-with-image' title=\"\"  itemprop=\"thumbnailUrl\" ><div class='av-inner-masonry-sizer'><\/div><figure class='av-inner-masonry main_color'><div class=\"av-masonry-outerimage-container\"><div class=\"av-masonry-image-container\" style=\"background-image: url(https:\/\/www.levant.hr\/wp-content\/uploads\/2015\/11\/IMG_4589-ll-705x446.jpg);\"><\/div><\/div><\/figure><\/a><!--end av-masonry entry--><\/div><\/div><br \/>\n<section class=\"av_textblock_section \"  itemscope=\"itemscope\" itemtype=\"https:\/\/schema.org\/CreativeWork\" ><div class='avia_textblock  '   itemprop=\"text\" ><p style=\"text-align: right;\">Bucht Zdra\u010de, Betina<\/p>\n<p style=\"text-align: right;\">Strand Bilave, Betina<\/p>\n<p style=\"text-align: right;\">Strand Plitka Vala, Betina<\/p>\n<p style=\"text-align: right;\">Bucht Kosirina, Betina<\/p>\n<p style=\"text-align: right;\">Bucht \u010cigra\u0111a, Murter<\/p>\n<p style=\"text-align: right;\">Strand Slanica, Murter<\/p>\n<p style=\"text-align: right;\">Strand Podvr\u0161ke, Murter<\/p>\n<p style=\"text-align: right;\">Strand Luke, Murter<\/p>\n<p style=\"text-align: right;\">Strand Lovi\u0161\u0107a, Tisno<\/p>\n<p style=\"text-align: right;\">und viele andere Buchten Doca, Tu\u017ebine, Jasenovac, Koroma\u0161na, Murtari\u0107 und so weiter<\/p>\n<\/div><\/section><\/p><\/div><div class=\"flex_column av_one_half  flex_column_div av-zero-column-padding first  avia-builder-el-16  el_after_av_one_half  el_before_av_one_fourth  column-top-margin\" style='border-radius:0px; '><section class=\"av_textblock_section \"  itemscope=\"itemscope\" itemtype=\"https:\/\/schema.org\/CreativeWork\" ><div class='avia_textblock  '  style='font-size:35px; '  itemprop=\"text\" ><p style=\"text-align: left;\">AUSSICHTPUNKTE<\/p>\n<\/div><\/section><br \/>\n<div id='av-masonry-4' class='av-masonry  noHover av-fixed-size av-1px-gap av-hover-overlay- av-masonry-animation-active av-masonry-col-flexible av-caption-always av-caption-style- av-masonry-gallery     '  ><div class='av-masonry-container isotope av-js-disabled ' ><div class='av-masonry-entry isotope-item av-masonry-item-no-image '><\/div><a href=\"https:\/\/www.levant.hr\/wp-content\/uploads\/2015\/11\/Vidikovac-Kamenjak.jpg\" id='av-masonry-4-item-7268' data-av-masonry-item='7268' class='av-masonry-entry isotope-item post-7268 attachment type-attachment status-inherit hentry  av-masonry-item-with-image' title=\"Vidikovac-Kamenjak\"  itemprop=\"thumbnailUrl\" ><div class='av-inner-masonry-sizer'><\/div><figure class='av-inner-masonry main_color'><div class=\"av-masonry-outerimage-container\"><div class=\"av-masonry-image-container\" style=\"background-image: url(https:\/\/www.levant.hr\/wp-content\/uploads\/2015\/11\/Vidikovac-Kamenjak.jpg);\" title=\"Vidikovac-Kamenjak\" ><\/div><\/div><\/figure><\/a><!--end av-masonry entry--><\/div><\/div><br \/>\n<section class=\"av_textblock_section \"  itemscope=\"itemscope\" itemtype=\"https:\/\/schema.org\/CreativeWork\" ><div class='avia_textblock  '   itemprop=\"text\" ><p><span style=\"line-height: 1.5;\">St. Rok, 70 m<\/span><span style=\"line-height: 1.5;\"><br \/>\n<\/span><\/p>\n<p><span style=\"line-height: 1.5;\">Huegel Radu\u010d, 128 m<br \/>\n<\/span><\/p>\n<p><span style=\"line-height: 1.5;\">Huegel Gradina, 62 m<\/span><\/p>\n<p><span style=\"line-height: 1.5;\">Kamenjak, Natur park Vransko jezero<\/span><\/p>\n<\/div><\/section><\/p><\/div><div class=\"flex_column av_one_fourth  flex_column_div av-zero-column-padding   avia-builder-el-20  el_after_av_one_half  el_before_av_one_fourth  column-top-margin\" style='border-radius:0px; '><section class=\"av_textblock_section \"  itemscope=\"itemscope\" itemtype=\"https:\/\/schema.org\/CreativeWork\" ><div class='avia_textblock  '  style='font-size:30px; '  itemprop=\"text\" ><p style=\"text-align: center;\">LANDWIRTSCHAFTS<\/p>\n<\/div><\/section><br \/>\n<section class=\"av_textblock_section \"  itemscope=\"itemscope\" itemtype=\"https:\/\/schema.org\/CreativeWork\" ><div class='avia_textblock  '   itemprop=\"text\" ><p style=\"text-align: center;\">Roca im Dorf Velim<\/p>\n<p style=\"text-align: center;\">Banovi dvori im Dorf Dubrava kod Tisnog<\/p>\n<p style=\"text-align: center;\">Mori\u010devi dvori im Dorf Puti\u010danje<\/p>\n<\/div><\/section><\/p><\/div><div class=\"flex_column av_one_fourth  flex_column_div av-zero-column-padding   avia-builder-el-23  el_after_av_one_fourth  el_before_av_one_fourth  column-top-margin\" style='border-radius:0px; '><section class=\"av_textblock_section \"  itemscope=\"itemscope\" itemtype=\"https:\/\/schema.org\/CreativeWork\" ><div class='avia_textblock  '  style='font-size:30px; '  itemprop=\"text\" ><p style=\"text-align: center;\">RADWEGE<\/p>\n<\/div><\/section><br \/>\n<section class=\"av_textblock_section \"  itemscope=\"itemscope\" itemtype=\"https:\/\/schema.org\/CreativeWork\" ><div class='avia_textblock  '   itemprop=\"text\" ><p style=\"text-align: center;\">Radweg neben dem Meer, 15,8km<\/p>\n<p style=\"text-align: center;\">Radweg der schoensten Aussichtpunkte, 5,8km<\/p>\n<p style=\"text-align: center;\">Radweg durch Oliven Baume, 6,2km<\/p>\n<p style=\"text-align: center;\">Radweg neben der Kirche, 19,5km<\/p>\n<\/div><\/section><\/p><\/div><div class=\"flex_column av_one_fourth  flex_column_div av-zero-column-padding first  avia-builder-el-26  el_after_av_one_fourth  avia-builder-el-last  column-top-margin\" style='border-radius:0px; '><section class=\"av_textblock_section \"  itemscope=\"itemscope\" itemtype=\"https:\/\/schema.org\/CreativeWork\" ><div class='avia_textblock  '  style='font-size:30px; '  itemprop=\"text\" ><p style=\"text-align: center;\">TAUCHEN<\/p>\n<\/div><\/section><br \/>\n<section class=\"av_textblock_section \"  itemscope=\"itemscope\" itemtype=\"https:\/\/schema.org\/CreativeWork\" ><div class='avia_textblock  '   itemprop=\"text\" ><p style=\"text-align: center;\">Najada (Murter)<\/p>\n<p style=\"text-align: center;\">Tramonto (Tisno)<\/p>\n<\/div><\/section><\/p><\/div>\n","protected":false},"excerpt":{"rendered":"","protected":false},"author":1,"featured_media":0,"parent":0,"menu_order":0,"comment_status":"closed","ping_status":"closed","template":"","meta":[],"acf":[],"_links":{"self":[{"href":"https:\/\/www.levant.hr\/de\/wp-json\/wp\/v2\/pages\/776"}],"collection":[{"href":"https:\/\/www.levant.hr\/de\/wp-json\/wp\/v2\/pages"}],"about":[{"href":"https:\/\/www.levant.hr\/de\/wp-json\/wp\/v2\/types\/page"}],"author":[{"embeddable":true,"href":"https:\/\/www.levant.hr\/de\/wp-json\/wp\/v2\/users\/1"}],"replies":[{"embeddable":true,"href":"https:\/\/www.levant.hr\/de\/wp-json\/wp\/v2\/comments?post=776"}],"version-history":[{"count":8,"href":"https:\/\/www.levant.hr\/de\/wp-json\/wp\/v2\/pages\/776\/revisions"}],"predecessor-version":[{"id":20332,"href":"https:\/\/www.levant.hr\/de\/wp-json\/wp\/v2\/pages\/776\/revisions\/20332"}],"wp:attachment":[{"href":"https:\/\/www.levant.hr\/de\/wp-json\/wp\/v2\/media?parent=776"}],"curies":[{"name":"wp","href":"https:\/\/api.w.org\/{rel}","templated":true}]}}