{"id":778,"date":"2015-12-20T17:09:38","date_gmt":"2015-12-20T17:09:38","guid":{"rendered":"http:\/\/www.levant.hr\/de\/?page_id=778"},"modified":"2023-09-12T11:27:17","modified_gmt":"2023-09-12T10:27:17","slug":"kontakt","status":"publish","type":"page","link":"https:\/\/www.levant.hr\/de\/kontakt\/","title":{"rendered":"Kontakt"},"content":{"rendered":"<div id='av_section_1'  class='avia-section main_color avia-section-small avia-no-border-styling  avia-bg-style-scroll  avia-builder-el-0  el_before_av_google_map  avia-builder-el-first   container_wrap fullsize' style=' '  ><div class='container' ><main  role=\"main\" itemprop=\"mainContentOfPage\"  class='template-page content  av-content-full alpha units'><div class='post-entry post-entry-type-page post-entry-778'><div class='entry-content-wrapper clearfix'>\n<div  style='padding-bottom:10px; font-size:30px;' class='av-special-heading av-special-heading-h3  blockquote modern-quote modern-centered  avia-builder-el-1  el_before_av_textblock  avia-builder-el-first  av-inherit-size '><h3 class='av-special-heading-tag '  itemprop=\"headline\"  >Kontaktieren Sie uns<\/h3><div class='special-heading-border'><div class='special-heading-inner-border' ><\/div><\/div><\/div>\n<section class=\"av_textblock_section \"  itemscope=\"itemscope\" itemtype=\"https:\/\/schema.org\/CreativeWork\" ><div class='avia_textblock  '   itemprop=\"text\" ><p style=\"text-align: center;\">Levant Tourist Info Services <br class=\"avia-permanent-lb\" \/>Dolac 93 A, 22244 Betina, Hrvatska<\/p>\n<p style=\"text-align: center;\"><a href=\"mailto:info@levant.hr\">info@levant.hr <br class=\"avia-permanent-lb\" \/><\/a><a href=\"https:\/\/www.facebook.com\/levanthr\">https:\/\/www.facebook.com\/levanthr <br class=\"avia-permanent-lb\" \/><\/a><a href=\"https:\/\/www.instagram.com\/hand_made_by_bodulica\/\">https:\/\/www.instagram.com\/hand_made_by_bodulica\/<\/a><\/p>\n<p style=\"text-align: center;\">HR-AB22-150100041897<\/p>\n<p style=\"text-align: center;\"><span>\u00d6ffnungszeiten<\/span>: 01.09.-01.10.2023. <br class=\"avia-permanent-lb\" \/>Montag-Samstag: <br class=\"avia-permanent-lb\" \/>08:00-14:30<br class=\"avia-permanent-lb\" \/><br class=\"avia-permanent-lb\" \/>Sontag: <br class=\"avia-permanent-lb\" \/>08:00-13:00<\/p>\n<p style=\"text-align: center;\">Kontakt 1: +385 22 435 709 <br class=\"avia-permanent-lb\" \/><span>Kontakt 2:+385 (0)98 981 4356<\/span><\/p>\n<\/div><\/section>\n<form action=\"https:\/\/www.levant.hr\/de\/kontakt\/\" method=\"post\"  class=\"avia_ajax_form av-form-labels-visible   avia-builder-el-3  el_after_av_textblock  avia-builder-el-last   \" data-avia-form-id=\"1\" data-avia-redirect='' ><fieldset><p class=' first_form  form_element form_element_fourth' id='element_avia_1_1'><label for=\"avia_1_1\">Ankunftsdatum <abbr class=\"required\" title=\"ben\u00f6tigt\">*<\/abbr><\/label> <input name=\"avia_1_1\" class=\"avia_datepicker text_input is_empty\" type=\"text\" id=\"avia_1_1\" value=\"\" placeholder=\"DD \/ MM \/ YY\" \/><\/p><p class=' form_element form_element_fourth' id='element_avia_2_1'><label for=\"avia_2_1\">Abreisedatum <abbr class=\"required\" title=\"ben\u00f6tigt\">*<\/abbr><\/label> <input name=\"avia_2_1\" class=\"avia_datepicker text_input is_empty\" type=\"text\" id=\"avia_2_1\" value=\"\" placeholder=\"DD \/ MM \/ YY\" \/><\/p><p class='  form_element form_element_fourth' id='element_avia_3_1'><label for=\"avia_3_1\">Name und Nachname <abbr class=\"required\" title=\"ben\u00f6tigt\">*<\/abbr><\/label> <input name=\"avia_3_1\" class=\"text_input is_empty\" type=\"text\" id=\"avia_3_1\" value=\"\" \/><\/p><p class='  form_element form_element_fourth' id='element_avia_4_1'><label for=\"avia_4_1\">E-Mail <abbr class=\"required\" title=\"ben\u00f6tigt\">*<\/abbr><\/label> <input name=\"avia_4_1\" class=\"text_input is_email\" type=\"text\" id=\"avia_4_1\" value=\"\" \/><\/p><p class='  first_form  form_element form_element_half' id='element_avia_5_1'><label for=\"avia_5_1\">Reiseziel <abbr class=\"required\" title=\"ben\u00f6tigt\">*<\/abbr><\/label> <input name=\"avia_5_1\" class=\"text_input is_empty\" type=\"text\" id=\"avia_5_1\" value=\"\" \/><\/p><p class='  form_element form_element_half' id='element_avia_6_1'><label for=\"avia_6_1\">Name der Unterkunft<\/label> <input name=\"avia_6_1\" class=\"text_input \" type=\"text\" id=\"avia_6_1\" value=\"\" \/><\/p><p class='  first_form  form_element form_element_half' id='element_avia_7_1'><label for=\"avia_7_1\">Erwachsene <abbr class=\"required\" title=\"ben\u00f6tigt\">*<\/abbr><\/label> <input name=\"avia_7_1\" class=\"text_input is_empty\" type=\"text\" id=\"avia_7_1\" value=\"\" \/><\/p><p class='  form_element form_element_half' id='element_avia_8_1'><label for=\"avia_8_1\">Kinder <abbr class=\"required\" title=\"ben\u00f6tigt\">*<\/abbr><\/label> <input name=\"avia_8_1\" class=\"text_input is_empty\" type=\"text\" id=\"avia_8_1\" value=\"\" \/><\/p><p class='  first_form  form_element form_fullwidth' id='element_avia_9_1'><label for=\"avia_9_1\" class=\"textare_label hidden textare_label_avia_9_1\">Nachricht<\/label><textarea  name=\"avia_9_1\" class=\"text_area \" cols=\"40\" rows=\"7\" id=\"avia_9_1\" ><\/textarea><\/p><p class=' first_form  form_element form_fullwidth av-last-visible-form-element' id='element_avia_10_1'>    <input checked=\"checked\" name=\"avia_10_1\" class=\"input_checkbox \" type=\"checkbox\" id=\"avia_10_1\" value=\"true\"\/><label class=\"input_checkbox_label\" for=\"avia_10_1\">Ich stimme zu, dass meine Informationen verwendet werden k\u00f6nnen, um mich f\u00fcr den Zweck meiner Anfrage in \u00dcbereinstimmung mit den geltenden Datenschutzbestimmungen zu kontaktieren.<\/label><\/p><p class=\"hidden\"><input type=\"text\" name=\"avia_11_1\" class=\"hidden \" id=\"avia_11_1\" value=\"\" \/><\/p><p class=\"form_element \"><input type=\"hidden\" value=\"1\" name=\"avia_generated_form1\" \/><input type=\"submit\" value=\"Senden\" class=\"button\"  data-sending-label=\"Sende\"\/><\/p><\/fieldset><\/form><div id=\"ajaxresponse_1\" class=\"ajaxresponse ajaxresponse_1 hidden\"><\/div>\n<div  class='av_gmaps_sc_main_wrap av_gmaps_main_wrap '><div id='av_gmap_0' class='avia-google-map-container avia-google-map-sc av_gmaps_show_unconditionally av-no-fallback-img ' data-mapid='av_gmap_0'  style='height: 400px;'><a class=\"av_gmaps_browser_disabled av_text_confirm_link av_text_confirm_link_visible\" href=\"https:\/\/www.google.com\/maps\/search\/?api=1&#038;query=Betina\" target=\"_blank\" rel=\"noopener\">Aufgrund deiner Datenschutz-Einstellungen k\u00f6nnen wir Ihnen die Karte nicht anzeigen. Klicken Sie hier, um die Karte in einem neuen Fenster zu \u00f6ffnen.<\/a><\/div><\/div><\/p>\n","protected":false},"excerpt":{"rendered":"","protected":false},"author":1,"featured_media":0,"parent":0,"menu_order":0,"comment_status":"closed","ping_status":"open","template":"","meta":[],"acf":[],"_links":{"self":[{"href":"https:\/\/www.levant.hr\/de\/wp-json\/wp\/v2\/pages\/778"}],"collection":[{"href":"https:\/\/www.levant.hr\/de\/wp-json\/wp\/v2\/pages"}],"about":[{"href":"https:\/\/www.levant.hr\/de\/wp-json\/wp\/v2\/types\/page"}],"author":[{"embeddable":true,"href":"https:\/\/www.levant.hr\/de\/wp-json\/wp\/v2\/users\/1"}],"replies":[{"embeddable":true,"href":"https:\/\/www.levant.hr\/de\/wp-json\/wp\/v2\/comments?post=778"}],"version-history":[{"count":21,"href":"https:\/\/www.levant.hr\/de\/wp-json\/wp\/v2\/pages\/778\/revisions"}],"predecessor-version":[{"id":21540,"href":"https:\/\/www.levant.hr\/de\/wp-json\/wp\/v2\/pages\/778\/revisions\/21540"}],"wp:attachment":[{"href":"https:\/\/www.levant.hr\/de\/wp-json\/wp\/v2\/media?parent=778"}],"curies":[{"name":"wp","href":"https:\/\/api.w.org\/{rel}","templated":true}]}}