{"id":737,"date":"2015-12-15T17:51:30","date_gmt":"2015-12-15T17:51:30","guid":{"rendered":"http:\/\/www.levant.hr\/?page_id=737&#038;lang=en"},"modified":"2023-07-01T12:03:36","modified_gmt":"2023-07-01T11:03:36","slug":"what-to-visit","status":"publish","type":"page","link":"https:\/\/www.levant.hr\/en\/what-to-visit\/","title":{"rendered":"What to visit"},"content":{"rendered":"<div id='av_section_1'  class='avia-section main_color avia-section-default avia-no-shadow  avia-bg-style-scroll  avia-builder-el-0  avia-builder-el-no-sibling   container_wrap fullsize' style=' '  ><div class='container' ><main  role=\"main\" itemprop=\"mainContentOfPage\"  class='template-page content  av-content-full alpha units'><div class='post-entry post-entry-type-page post-entry-737'><div class='entry-content-wrapper clearfix'>\n<div class=\"flex_column av_one_half  flex_column_div av-zero-column-padding first  avia-builder-el-1  el_before_av_one_half  avia-builder-el-first  \" style='border-radius:0px; '><section class=\"av_textblock_section \"  itemscope=\"itemscope\" itemtype=\"https:\/\/schema.org\/CreativeWork\" ><div class='avia_textblock  '  style='font-size:35px; '  itemprop=\"text\" ><p style=\"text-align: right;\">SUMMER EVENTS IN BETINA 2023.<\/p>\n<\/div><\/section><br \/>\n<section class=\"av_textblock_section \"  itemscope=\"itemscope\" itemtype=\"https:\/\/schema.org\/CreativeWork\" ><div class='avia_textblock  '   itemprop=\"text\" ><p><a href=\"https:\/\/www.levant.hr\/wp-content\/uploads\/2023\/07\/lito-1.jpg\"><img loading=\"lazy\" class=\"alignnone size-medium wp-image-20326\" src=\"https:\/\/www.levant.hr\/wp-content\/uploads\/2023\/07\/lito-1-208x300.jpg\" alt=\"\" width=\"208\" height=\"300\" srcset=\"https:\/\/www.levant.hr\/wp-content\/uploads\/2023\/07\/lito-1-208x300.jpg 208w, https:\/\/www.levant.hr\/wp-content\/uploads\/2023\/07\/lito-1-715x1030.jpg 715w, https:\/\/www.levant.hr\/wp-content\/uploads\/2023\/07\/lito-1-768x1107.jpg 768w, https:\/\/www.levant.hr\/wp-content\/uploads\/2023\/07\/lito-1-489x705.jpg 489w, https:\/\/www.levant.hr\/wp-content\/uploads\/2023\/07\/lito-1.jpg 1004w\" sizes=\"(max-width: 208px) 100vw, 208px\" \/><\/a><a href=\"https:\/\/www.levant.hr\/wp-content\/uploads\/2023\/07\/lito-2.jpg\"><img loading=\"lazy\" class=\"alignnone size-medium wp-image-20319\" src=\"https:\/\/www.levant.hr\/wp-content\/uploads\/2023\/07\/lito-2-208x300.jpg\" alt=\"\" width=\"208\" height=\"300\" srcset=\"https:\/\/www.levant.hr\/wp-content\/uploads\/2023\/07\/lito-2-208x300.jpg 208w, https:\/\/www.levant.hr\/wp-content\/uploads\/2023\/07\/lito-2-715x1030.jpg 715w, https:\/\/www.levant.hr\/wp-content\/uploads\/2023\/07\/lito-2-768x1107.jpg 768w, https:\/\/www.levant.hr\/wp-content\/uploads\/2023\/07\/lito-2-489x705.jpg 489w, https:\/\/www.levant.hr\/wp-content\/uploads\/2023\/07\/lito-2.jpg 1004w\" sizes=\"(max-width: 208px) 100vw, 208px\" \/><\/a><a href=\"https:\/\/www.levant.hr\/wp-content\/uploads\/2023\/07\/lito-3.jpg\"><img loading=\"lazy\" class=\"alignnone size-medium wp-image-20315\" src=\"https:\/\/www.levant.hr\/wp-content\/uploads\/2023\/07\/lito-3-208x300.jpg\" alt=\"\" width=\"208\" height=\"300\" srcset=\"https:\/\/www.levant.hr\/wp-content\/uploads\/2023\/07\/lito-3-208x300.jpg 208w, https:\/\/www.levant.hr\/wp-content\/uploads\/2023\/07\/lito-3-715x1030.jpg 715w, https:\/\/www.levant.hr\/wp-content\/uploads\/2023\/07\/lito-3-768x1107.jpg 768w, https:\/\/www.levant.hr\/wp-content\/uploads\/2023\/07\/lito-3-489x705.jpg 489w, https:\/\/www.levant.hr\/wp-content\/uploads\/2023\/07\/lito-3.jpg 1004w\" sizes=\"(max-width: 208px) 100vw, 208px\" \/><\/a><\/p>\n<\/div><\/section><\/p><\/div><div class=\"flex_column av_one_half  flex_column_div av-zero-column-padding   avia-builder-el-4  el_after_av_one_half  el_before_av_one_half  \" style='border-radius:0px; '><section class=\"av_textblock_section \"  itemscope=\"itemscope\" itemtype=\"https:\/\/schema.org\/CreativeWork\" ><div class='avia_textblock  '  style='font-size:35px; '  itemprop=\"text\" ><p style=\"text-align: right;\">BETINA \/ MURTER<\/p>\n<\/div><\/section><br \/>\n<div id='av-masonry-1' class='av-masonry  noHover av-fixed-size av-1px-gap av-hover-overlay- av-masonry-animation-active av-masonry-col-flexible av-caption-always av-caption-style- av-masonry-gallery     '  ><div class='av-masonry-container isotope av-js-disabled ' ><div class='av-masonry-entry isotope-item av-masonry-item-no-image '><\/div><a href=\"https:\/\/www.levant.hr\/wp-content\/uploads\/2015\/11\/22309-ll.jpg\" id='av-masonry-1-item-7231' data-av-masonry-item='7231' class='av-masonry-entry isotope-item post-7231 attachment type-attachment status-inherit hentry  av-masonry-item-with-image' title=\"\"  itemprop=\"thumbnailUrl\" ><div class='av-inner-masonry-sizer'><\/div><figure class='av-inner-masonry main_color'><div class=\"av-masonry-outerimage-container\"><div class=\"av-masonry-image-container\" style=\"background-image: url(https:\/\/www.levant.hr\/wp-content\/uploads\/2015\/11\/22309-ll-705x470.jpg);\"><\/div><\/div><\/figure><\/a><!--end av-masonry entry--><a href=\"https:\/\/www.levant.hr\/wp-content\/uploads\/2015\/11\/23802-ll.jpg\" id='av-masonry-1-item-7234' data-av-masonry-item='7234' class='av-masonry-entry isotope-item post-7234 attachment type-attachment status-inherit hentry  av-masonry-item-with-image' title=\"\"  itemprop=\"thumbnailUrl\" ><div class='av-inner-masonry-sizer'><\/div><figure class='av-inner-masonry main_color'><div class=\"av-masonry-outerimage-container\"><div class=\"av-masonry-image-container\" style=\"background-image: url(https:\/\/www.levant.hr\/wp-content\/uploads\/2015\/11\/23802-ll-705x470.jpg);\"><\/div><\/div><\/figure><\/a><!--end av-masonry entry--><a href=\"https:\/\/www.levant.hr\/wp-content\/uploads\/2015\/11\/29477-ll.jpg\" id='av-masonry-1-item-7237' data-av-masonry-item='7237' class='av-masonry-entry isotope-item post-7237 attachment type-attachment status-inherit hentry  av-masonry-item-with-image' title=\"\"  itemprop=\"thumbnailUrl\" ><div class='av-inner-masonry-sizer'><\/div><figure class='av-inner-masonry main_color'><div class=\"av-masonry-outerimage-container\"><div class=\"av-masonry-image-container\" style=\"background-image: url(https:\/\/www.levant.hr\/wp-content\/uploads\/2015\/11\/29477-ll-705x470.jpg);\"><\/div><\/div><\/figure><\/a><!--end av-masonry entry--><a href=\"https:\/\/www.levant.hr\/wp-content\/uploads\/2015\/11\/IMG_3915-ll.jpg\" id='av-masonry-1-item-7240' data-av-masonry-item='7240' class='av-masonry-entry isotope-item post-7240 attachment type-attachment status-inherit hentry  av-masonry-item-with-image' title=\"\"  itemprop=\"thumbnailUrl\" ><div class='av-inner-masonry-sizer'><\/div><figure class='av-inner-masonry main_color'><div class=\"av-masonry-outerimage-container\"><div class=\"av-masonry-image-container\" style=\"background-image: url(https:\/\/www.levant.hr\/wp-content\/uploads\/2015\/11\/IMG_3915-ll-705x470.jpg);\"><\/div><\/div><\/figure><\/a><!--end av-masonry entry--><\/div><\/div><br \/>\n<section class=\"av_textblock_section \"  itemscope=\"itemscope\" itemtype=\"https:\/\/schema.org\/CreativeWork\" ><div class='avia_textblock  '   itemprop=\"text\" ><p style=\"text-align: right;\">Church of St. Francis from the 15th century<\/p>\n<p style=\"text-align: right;\">Our Lady of Gradina dating from the 6th century, rebuilt in the 17th century<\/p>\n<p style=\"text-align: right;\">Sv. Rok, 1760th year<\/p>\n<p style=\"text-align: right;\">Sv. Michael, reconstructed 1770th year<\/p>\n<p style=\"text-align: right;\">Colentum was first mentioned in the 1st century AD.<\/p>\n<p style=\"text-align: right;\">Tank, the remains of a Roman overhead tanks<\/p>\n<p style=\"text-align: right;\">Villa Rustica, the remains of a Roman cemetery, Shallow Wave<\/p>\n<p style=\"text-align: right;\">The ruins of the Franciscan monastery at island Moster, from the 12th century<\/p>\n<p style=\"text-align: right;\">The defense tower 1514th year. &#8211; Varos, Betina<\/p>\n<p style=\"text-align: right;\">Old Mill in the center of Betina<\/p>\n<p style=\"text-align: right;\">The old historical town of Betina<\/p>\n<\/div><\/section><\/p><\/div><div class=\"flex_column av_one_half  flex_column_div av-zero-column-padding first  avia-builder-el-8  el_after_av_one_half  el_before_av_one_half  column-top-margin\" style='border-radius:0px; '><section class=\"av_textblock_section \"  itemscope=\"itemscope\" itemtype=\"https:\/\/schema.org\/CreativeWork\" ><div class='avia_textblock  '  style='font-size:35px; '  itemprop=\"text\" ><p style=\"text-align: left;\">TISNO \/ JEZERA<\/p>\n<\/div><\/section><br \/>\n<div id='av-masonry-2' class='av-masonry  noHover av-fixed-size av-1px-gap av-hover-overlay- av-masonry-animation-active av-masonry-col-flexible av-caption-always av-caption-style- av-masonry-gallery     '  ><div class='av-masonry-container isotope av-js-disabled ' ><div class='av-masonry-entry isotope-item av-masonry-item-no-image '><\/div><a href=\"https:\/\/www.levant.hr\/wp-content\/uploads\/2015\/11\/tisno-2.jpg\" id='av-masonry-2-item-7243' data-av-masonry-item='7243' class='av-masonry-entry isotope-item post-7243 attachment type-attachment status-inherit hentry  av-masonry-item-with-image' title=\"tisno 2\"  itemprop=\"thumbnailUrl\" ><div class='av-inner-masonry-sizer'><\/div><figure class='av-inner-masonry main_color'><div class=\"av-masonry-outerimage-container\"><div class=\"av-masonry-image-container\" style=\"background-image: url(https:\/\/www.levant.hr\/wp-content\/uploads\/2015\/11\/tisno-2-705x472.jpg);\" title=\"tisno 2\" ><\/div><\/div><\/figure><\/a><!--end av-masonry entry--><a href=\"https:\/\/www.levant.hr\/wp-content\/uploads\/2015\/11\/tisno-3.jpg\" id='av-masonry-2-item-7246' data-av-masonry-item='7246' class='av-masonry-entry isotope-item post-7246 attachment type-attachment status-inherit hentry  av-masonry-item-with-image' title=\"tisno 3\"  itemprop=\"thumbnailUrl\" ><div class='av-inner-masonry-sizer'><\/div><figure class='av-inner-masonry main_color'><div class=\"av-masonry-outerimage-container\"><div class=\"av-masonry-image-container\" style=\"background-image: url(https:\/\/www.levant.hr\/wp-content\/uploads\/2015\/11\/tisno-3-705x424.jpg);\" title=\"tisno 3\" ><\/div><\/div><\/figure><\/a><!--end av-masonry entry--><a href=\"https:\/\/www.levant.hr\/wp-content\/uploads\/2015\/11\/tisno-4.jpg\" id='av-masonry-2-item-7249' data-av-masonry-item='7249' class='av-masonry-entry isotope-item post-7249 attachment type-attachment status-inherit hentry  av-masonry-item-with-image' title=\"tisno 4\"  itemprop=\"thumbnailUrl\" ><div class='av-inner-masonry-sizer'><\/div><figure class='av-inner-masonry main_color'><div class=\"av-masonry-outerimage-container\"><div class=\"av-masonry-image-container\" style=\"background-image: url(https:\/\/www.levant.hr\/wp-content\/uploads\/2015\/11\/tisno-4-705x509.jpg);\" title=\"tisno 4\" ><\/div><\/div><\/figure><\/a><!--end av-masonry entry--><a href=\"https:\/\/www.levant.hr\/wp-content\/uploads\/2015\/11\/tisno.jpg\" id='av-masonry-2-item-7252' data-av-masonry-item='7252' class='av-masonry-entry isotope-item post-7252 attachment type-attachment status-inherit hentry  av-masonry-item-with-image' title=\"OLYMPUS DIGITAL CAMERA\"  itemprop=\"thumbnailUrl\" ><div class='av-inner-masonry-sizer'><\/div><figure class='av-inner-masonry main_color'><div class=\"av-masonry-outerimage-container\"><div class=\"av-masonry-image-container\" style=\"background-image: url(https:\/\/www.levant.hr\/wp-content\/uploads\/2015\/11\/tisno-705x529.jpg);\" title=\"OLYMPUS DIGITAL CAMERA\" ><\/div><\/div><\/figure><\/a><!--end av-masonry entry--><\/div><\/div><br \/>\n<section class=\"av_textblock_section \"  itemscope=\"itemscope\" itemtype=\"https:\/\/schema.org\/CreativeWork\" ><div class='avia_textblock  '   itemprop=\"text\" ><p>Shrine of Our Lady of Karavaj &#8211; every year on May 26 is the celebration<\/p>\n<p>Church of the Holy Spirit, 1548<\/p>\n<p>Archaeological site near the Church of St. Martin &#8211; were are found the walls of the villa rustica from 2\/3th century, a basilica from 5th century, 900 graves from 15th century<\/p>\n<p>Church of St. Roko, before 1651<\/p>\n<p>Church of St. Andrew, 1606<\/p>\n<p>Our Lady of Health, from 1722 year<\/p>\n<p>Church of St. John of Trogir, 17th century<\/p>\n<p>Church of St. Joseph in the field, 16th century<\/p>\n<p>Church of St. Konstancij on the hill Kru\u017eak built in 1780<\/p>\n<p>Church of St. Nicholas from the 15th century which has been badly damaged, and follows its renewal<\/p>\n<\/div><\/section><\/p><\/div><div class=\"flex_column av_one_half  flex_column_div av-zero-column-padding   avia-builder-el-12  el_after_av_one_half  el_before_av_one_half  column-top-margin\" style='border-radius:0px; '><section class=\"av_textblock_section \"  itemscope=\"itemscope\" itemtype=\"https:\/\/schema.org\/CreativeWork\" ><div class='avia_textblock  '  style='font-size:35px; '  itemprop=\"text\" ><p style=\"text-align: right;\">BEACHES\u00a0ON ISLAND OF MURTER<\/p>\n<\/div><\/section><br \/>\n<div id='av-masonry-3' class='av-masonry  noHover av-fixed-size av-1px-gap av-hover-overlay- av-masonry-animation-active av-masonry-col-flexible av-caption-always av-caption-style- av-masonry-gallery     '  ><div class='av-masonry-container isotope av-js-disabled ' ><div class='av-masonry-entry isotope-item av-masonry-item-no-image '><\/div><a href=\"https:\/\/www.levant.hr\/wp-content\/uploads\/2015\/11\/19679-ll.jpg\" id='av-masonry-3-item-7255' data-av-masonry-item='7255' class='av-masonry-entry isotope-item post-7255 attachment type-attachment status-inherit hentry  av-masonry-item-with-image' title=\"\"  itemprop=\"thumbnailUrl\" ><div class='av-inner-masonry-sizer'><\/div><figure class='av-inner-masonry main_color'><div class=\"av-masonry-outerimage-container\"><div class=\"av-masonry-image-container\" style=\"background-image: url(https:\/\/www.levant.hr\/wp-content\/uploads\/2015\/11\/19679-ll-705x470.jpg);\"><\/div><\/div><\/figure><\/a><!--end av-masonry entry--><a href=\"https:\/\/www.levant.hr\/wp-content\/uploads\/2015\/11\/BETINA-pano-300415-ll.jpg\" id='av-masonry-3-item-7258' data-av-masonry-item='7258' class='av-masonry-entry isotope-item post-7258 attachment type-attachment status-inherit hentry  av-masonry-item-with-image' title=\"\"  itemprop=\"thumbnailUrl\" ><div class='av-inner-masonry-sizer'><\/div><figure class='av-inner-masonry main_color'><div class=\"av-masonry-outerimage-container\"><div class=\"av-masonry-image-container\" style=\"background-image: url(https:\/\/www.levant.hr\/wp-content\/uploads\/2015\/11\/BETINA-pano-300415-ll-705x434.jpg);\"><\/div><\/div><\/figure><\/a><!--end av-masonry entry--><a href=\"https:\/\/www.levant.hr\/wp-content\/uploads\/2015\/11\/IMG_4569-ll.jpg\" id='av-masonry-3-item-7261' data-av-masonry-item='7261' class='av-masonry-entry isotope-item post-7261 attachment type-attachment status-inherit hentry  av-masonry-item-with-image' title=\"IMG_4569 ll\"  itemprop=\"thumbnailUrl\" ><div class='av-inner-masonry-sizer'><\/div><figure class='av-inner-masonry main_color'><div class=\"av-masonry-outerimage-container\"><div class=\"av-masonry-image-container\" style=\"background-image: url(https:\/\/www.levant.hr\/wp-content\/uploads\/2015\/11\/IMG_4569-ll-705x472.jpg);\" title=\"IMG_4569 ll\" ><\/div><\/div><\/figure><\/a><!--end av-masonry entry--><a href=\"https:\/\/www.levant.hr\/wp-content\/uploads\/2015\/11\/IMG_4589-ll.jpg\" id='av-masonry-3-item-7264' data-av-masonry-item='7264' class='av-masonry-entry isotope-item post-7264 attachment type-attachment status-inherit hentry  av-masonry-item-with-image' title=\"\"  itemprop=\"thumbnailUrl\" ><div class='av-inner-masonry-sizer'><\/div><figure class='av-inner-masonry main_color'><div class=\"av-masonry-outerimage-container\"><div class=\"av-masonry-image-container\" style=\"background-image: url(https:\/\/www.levant.hr\/wp-content\/uploads\/2015\/11\/IMG_4589-ll-705x446.jpg);\"><\/div><\/div><\/figure><\/a><!--end av-masonry entry--><\/div><\/div><br \/>\n<section class=\"av_textblock_section \"  itemscope=\"itemscope\" itemtype=\"https:\/\/schema.org\/CreativeWork\" ><div class='avia_textblock  '   itemprop=\"text\" ><p style=\"text-align: right;\">Zdra\u010de bay &#8211; local family beach with restaurants, boat rental, sand \/concrete<\/p>\n<p style=\"text-align: right;\">Bilave beach &#8211; new local beach, gravel<\/p>\n<p style=\"text-align: right;\">Plitka Vala beach &#8211; restaurant, sand<\/p>\n<p style=\"text-align: right;\">beach Kosirina &#8211; fast food, cafe, rent a water bike, sand\/rocks<\/p>\n<p style=\"text-align: right;\">\u010cigra\u0111a Restaurant &#8211; Beach Bar &amp; Pizzeria, kayak rental, sand, rocks<\/p>\n<p style=\"text-align: right;\">Slanica &#8211; Restaurant, Beach Bar &amp; Pizzeria, Cafe, shops, activities for children, sand, rocks<\/p>\n<p style=\"text-align: right;\">Podvrske &#8211; Beach Bar<\/p>\n<p style=\"text-align: right;\">Luke &#8211; Beach Bar<\/p>\n<p style=\"text-align: right;\">Lovi\u0161\u0107a<br \/>\nand other coves for those who want peace in the corner of bays on the south side of the island, such as; Doci, Tu\u017ebine, Jasenovac, Koroma\u0161na, Murtari\u0107 etc.<\/p>\n<\/div><\/section><\/p><\/div><div class=\"flex_column av_one_half  flex_column_div av-zero-column-padding first  avia-builder-el-16  el_after_av_one_half  el_before_av_one_fourth  column-top-margin\" style='border-radius:0px; '><section class=\"av_textblock_section \"  itemscope=\"itemscope\" itemtype=\"https:\/\/schema.org\/CreativeWork\" ><div class='avia_textblock  '  style='font-size:35px; '  itemprop=\"text\" ><p style=\"text-align: left;\">LOOKOUTS<\/p>\n<\/div><\/section><br \/>\n<div id='av-masonry-4' class='av-masonry  noHover av-fixed-size av-1px-gap av-hover-overlay- av-masonry-animation-active av-masonry-col-flexible av-caption-always av-caption-style- av-masonry-gallery     '  ><div class='av-masonry-container isotope av-js-disabled ' ><div class='av-masonry-entry isotope-item av-masonry-item-no-image '><\/div><a href=\"https:\/\/www.levant.hr\/wp-content\/uploads\/2015\/11\/Vidikovac-Kamenjak.jpg\" id='av-masonry-4-item-7267' data-av-masonry-item='7267' class='av-masonry-entry isotope-item post-7267 attachment type-attachment status-inherit hentry  av-masonry-item-with-image' title=\"Vidikovac-Kamenjak\"  itemprop=\"thumbnailUrl\" ><div class='av-inner-masonry-sizer'><\/div><figure class='av-inner-masonry main_color'><div class=\"av-masonry-outerimage-container\"><div class=\"av-masonry-image-container\" style=\"background-image: url(https:\/\/www.levant.hr\/wp-content\/uploads\/2015\/11\/Vidikovac-Kamenjak.jpg);\" title=\"Vidikovac-Kamenjak\" ><\/div><\/div><\/figure><\/a><!--end av-masonry entry--><\/div><\/div><br \/>\n<section class=\"av_textblock_section \"  itemscope=\"itemscope\" itemtype=\"https:\/\/schema.org\/CreativeWork\" ><div class='avia_textblock  '   itemprop=\"text\" ><p>St. Rok, 70 m<\/p>\n<p>Radu\u010d, 128 m<\/p>\n<p>Gradina, 62 m<\/p>\n<p>Kamenjak, PP Vransko jezero<\/p>\n<\/div><\/section><\/p><\/div><div class=\"flex_column av_one_fourth  flex_column_div av-zero-column-padding   avia-builder-el-20  el_after_av_one_half  el_before_av_one_fourth  column-top-margin\" style='border-radius:0px; '><section class=\"av_textblock_section \"  itemscope=\"itemscope\" itemtype=\"https:\/\/schema.org\/CreativeWork\" ><div class='avia_textblock  '  style='font-size:30px; '  itemprop=\"text\" ><p style=\"text-align: center;\">RURAL TOURISM HOUSEHOLDS<\/p>\n<\/div><\/section><br \/>\n<section class=\"av_textblock_section \"  itemscope=\"itemscope\" itemtype=\"https:\/\/schema.org\/CreativeWork\" ><div class='avia_textblock  '   itemprop=\"text\" ><p style=\"text-align: center;\">Roca, Velim<\/p>\n<p style=\"text-align: center;\">Banovi dvori, Dubrava kod Tisnog<\/p>\n<p style=\"text-align: center;\">Mori\u010devi dvori, Puti\u010danje<\/p>\n<\/div><\/section><\/p><\/div><div class=\"flex_column av_one_fourth  flex_column_div av-zero-column-padding   avia-builder-el-23  el_after_av_one_fourth  el_before_av_one_fourth  column-top-margin\" style='border-radius:0px; '><section class=\"av_textblock_section \"  itemscope=\"itemscope\" itemtype=\"https:\/\/schema.org\/CreativeWork\" ><div class='avia_textblock  '  style='font-size:30px; '  itemprop=\"text\" ><p style=\"text-align: center;\">BIKE ROUTES<\/p>\n<\/div><\/section><br \/>\n<section class=\"av_textblock_section \"  itemscope=\"itemscope\" itemtype=\"https:\/\/schema.org\/CreativeWork\" ><div class='avia_textblock  '   itemprop=\"text\" ><p style=\"text-align: center;\">Track along the seaside, 15.8 km &#8211; easy<\/p>\n<p style=\"text-align: center;\">Track best views, 5.8 km &#8211; middle<\/p>\n<p style=\"text-align: center;\">Track through the olive trees, 6.2 km &#8211; easy<\/p>\n<p style=\"text-align: center;\">Church Track 19.5 km &#8211; easy<\/p>\n<p style=\"text-align: center;\">Vrana Lake trail 50 km of bike trails<\/p>\n<\/div><\/section><\/p><\/div><div class=\"flex_column av_one_fourth  flex_column_div av-zero-column-padding first  avia-builder-el-26  el_after_av_one_fourth  avia-builder-el-last  column-top-margin\" style='border-radius:0px; '><section class=\"av_textblock_section \"  itemscope=\"itemscope\" itemtype=\"https:\/\/schema.org\/CreativeWork\" ><div class='avia_textblock  '  style='font-size:30px; '  itemprop=\"text\" ><p style=\"text-align: center;\">DIVING<\/p>\n<\/div><\/section><br \/>\n<section class=\"av_textblock_section \"  itemscope=\"itemscope\" itemtype=\"https:\/\/schema.org\/CreativeWork\" ><div class='avia_textblock  '   itemprop=\"text\" ><p style=\"text-align: center;\">Najada (Murter)<\/p>\n<p style=\"text-align: center;\">Tramonto (Tisno)<\/p>\n<\/div><\/section><\/p><\/div>\n","protected":false},"excerpt":{"rendered":"","protected":false},"author":1,"featured_media":0,"parent":0,"menu_order":0,"comment_status":"closed","ping_status":"closed","template":"","meta":[],"acf":[],"_links":{"self":[{"href":"https:\/\/www.levant.hr\/en\/wp-json\/wp\/v2\/pages\/737"}],"collection":[{"href":"https:\/\/www.levant.hr\/en\/wp-json\/wp\/v2\/pages"}],"about":[{"href":"https:\/\/www.levant.hr\/en\/wp-json\/wp\/v2\/types\/page"}],"author":[{"embeddable":true,"href":"https:\/\/www.levant.hr\/en\/wp-json\/wp\/v2\/users\/1"}],"replies":[{"embeddable":true,"href":"https:\/\/www.levant.hr\/en\/wp-json\/wp\/v2\/comments?post=737"}],"version-history":[{"count":11,"href":"https:\/\/www.levant.hr\/en\/wp-json\/wp\/v2\/pages\/737\/revisions"}],"predecessor-version":[{"id":20330,"href":"https:\/\/www.levant.hr\/en\/wp-json\/wp\/v2\/pages\/737\/revisions\/20330"}],"wp:attachment":[{"href":"https:\/\/www.levant.hr\/en\/wp-json\/wp\/v2\/media?parent=737"}],"curies":[{"name":"wp","href":"https:\/\/api.w.org\/{rel}","templated":true}]}}